{"id":1775,"date":"2023-12-07T18:39:25","date_gmt":"2023-12-07T21:39:25","guid":{"rendered":"https:\/\/play.raizfilmes.com\/?page_id=1775"},"modified":"2025-08-09T08:28:39","modified_gmt":"2025-08-09T11:28:39","slug":"monetizacao","status":"publish","type":"page","link":"https:\/\/play.raizfilmes.com\/en\/monetizacao\/","title":{"rendered":"Monetiza\u00e7\u00e3o"},"content":{"rendered":"<div data-elementor-type=\"wp-page\" data-elementor-id=\"1775\" class=\"elementor elementor-1775\" data-elementor-post-type=\"page\">\n\t\t\t\t<div class=\"elementor-element elementor-element-f7e0312 e-flex e-con-boxed e-con e-parent\" data-id=\"f7e0312\" data-element_type=\"container\" data-settings=\"{&quot;background_background&quot;:&quot;classic&quot;}\">\n\t\t\t\t\t<div class=\"e-con-inner\">\n\t\t\t\t<div class=\"elementor-element elementor-element-758304f elementor-widget elementor-widget-heading\" data-id=\"758304f\" data-element_type=\"widget\" data-widget_type=\"heading.default\">\n\t\t\t\t<div class=\"elementor-widget-container\">\n\t\t\t\t\t<h1 class=\"elementor-heading-title elementor-size-default\">POL\u00cdTICA DE MONETIZA\u00c7\u00c3O<\/h1>\t\t\t\t<\/div>\n\t\t\t\t<\/div>\n\t\t\t\t\t<\/div>\n\t\t\t\t<\/div>\n\t\t<div class=\"elementor-element elementor-element-4c1f712 e-flex e-con-boxed e-con e-parent\" data-id=\"4c1f712\" data-element_type=\"container\">\n\t\t\t\t\t<div class=\"e-con-inner\">\n\t\t\t\t<div class=\"elementor-element elementor-element-fc45032 elementor-widget elementor-widget-text-editor\" data-id=\"fc45032\" data-element_type=\"widget\" data-widget_type=\"text-editor.default\">\n\t\t\t\t<div class=\"elementor-widget-container\">\n\t\t\t\t\t\t\t\t\t<p><b>Ap\u00f3s o Envio<\/b><\/p>\n<p><span style=\"font-weight: 400;\">Ap\u00f3s enviar seu filme para a Raiz Filmes, nossa equipe analisar\u00e1 as informa\u00e7\u00f5es que voc\u00ea nos mandou. Depois de ser aprovado e publicado na Raiz Filmes, o seu conte\u00fado pode ser monetizado via aluguel.<\/span><\/p>\n<p><b>Como Funciona<\/b><\/p>\n<p><span style=\"font-weight: 400;\">50% de todo o lucro gerado por alugu\u00e9is ser\u00e1 repassado ao realizador do filme ou a quem enviou os arquivos. Os outros 50% s\u00e3o utilizados para custear os gastos para manter a plataforma funcionando e remunerar a equipe por tr\u00e1s do projeto.<\/span><span style=\"font-weight: 400;\">&nbsp;<\/span><\/p>\n<p><b>Filmes Alug\u00e1veis<\/b><\/p>\n<p><span style=\"font-weight: 400;\">ATEN\u00c7\u00c3O: O pagamento repassado para o realizador referente aos filmes alug\u00e1veis \u00e9 50% do LUCRO e n\u00e3o do faturamento BRUTO, ou seja, o realizador recebe um valor da metade descontado as taxas do gateway de pagamento e impostos, ent\u00e3o o realizador recebe um valor abaixo da metade de R$4.99, que \u00e9 o valor cheio de cada aluguel.<\/span><\/p>\n<p><b>Pagamento<\/b><\/p>\n<p><span style=\"font-weight: 400;\">O pagamento \u00e9 feito via PIX, por isso tenha a certeza de informar a chave PIX correta em seu cadastro. Os lucros ser\u00e3o repassados mensalmente sem data fixa, podendo variar. N\u00e3o existe valor m\u00ednimo a ser repassado, os lucros ser\u00e3o distribu\u00eddos sempre que houver receita entrando no projeto.<\/span><\/p>\n<p><b>Responsabilidade<\/b><\/p>\n<p><span style=\"font-weight: 400;\">A Raiz Filmes n\u00e3o se responsabiliza pela distribui\u00e7\u00e3o da monetiza\u00e7\u00e3o para a equipe do filme, sendo responsabilidade do membro que enviou o filme distribuir&nbsp; os valores ganhos entre todos da equipe.<\/span><\/p>\n<p><span style=\"font-weight: 400;\">N\u00e3o \u00e9 responsabilidade da Raiz Filmes o que acontece com o dinheiro depois que o mesmo \u00e9 repassado a quem enviou os arquivos.<\/span><\/p>\t\t\t\t\t\t\t\t<\/div>\n\t\t\t\t<\/div>\n\t\t\t\t\t<\/div>\n\t\t\t\t<\/div>\n\t\t\t\t<\/div>","protected":false},"excerpt":{"rendered":"<p>POL\u00cdTICA DE MONETIZA\u00c7\u00c3O Ap\u00f3s o Envio Ap\u00f3s enviar seu filme para a Raiz Filmes, nossa equipe analisar\u00e1 as informa\u00e7\u00f5es que voc\u00ea nos mandou. Depois de ser aprovado e publicado na Raiz Filmes, o seu conte\u00fado pode ser monetizado via aluguel. Como Funciona 50% de todo o lucro gerado por alugu\u00e9is ser\u00e1 repassado ao realizador do [&hellip;]<\/p>","protected":false},"author":1,"featured_media":0,"parent":0,"menu_order":0,"comment_status":"closed","ping_status":"closed","template":"elementor_header_footer","meta":{"_eb_attr":"","footnotes":""},"class_list":["post-1775","page","type-page","status-publish","hentry"],"_links":{"self":[{"href":"https:\/\/play.raizfilmes.com\/en\/wp-json\/wp\/v2\/pages\/1775","targetHints":{"allow":["GET"]}}],"collection":[{"href":"https:\/\/play.raizfilmes.com\/en\/wp-json\/wp\/v2\/pages"}],"about":[{"href":"https:\/\/play.raizfilmes.com\/en\/wp-json\/wp\/v2\/types\/page"}],"author":[{"embeddable":true,"href":"https:\/\/play.raizfilmes.com\/en\/wp-json\/wp\/v2\/users\/1"}],"replies":[{"embeddable":true,"href":"https:\/\/play.raizfilmes.com\/en\/wp-json\/wp\/v2\/comments?post=1775"}],"version-history":[{"count":15,"href":"https:\/\/play.raizfilmes.com\/en\/wp-json\/wp\/v2\/pages\/1775\/revisions"}],"predecessor-version":[{"id":2886,"href":"https:\/\/play.raizfilmes.com\/en\/wp-json\/wp\/v2\/pages\/1775\/revisions\/2886"}],"wp:attachment":[{"href":"https:\/\/play.raizfilmes.com\/en\/wp-json\/wp\/v2\/media?parent=1775"}],"curies":[{"name":"wp","href":"https:\/\/api.w.org\/{rel}","templated":true}]}}