{"id":1982,"date":"2024-09-06T11:42:40","date_gmt":"2024-09-06T14:42:40","guid":{"rendered":"https:\/\/play.raizfilmes.com\/?page_id=1982"},"modified":"2024-09-06T19:03:31","modified_gmt":"2024-09-06T22:03:31","slug":"sobre","status":"publish","type":"page","link":"https:\/\/play.raizfilmes.com\/en\/sobre\/","title":{"rendered":"SOBRE N\u00d3S"},"content":{"rendered":"<p>Ap\u00f3s eu, Gabriel Laureno Juc\u00e1, criador do streaming Raiz Filmes, pesquisar filmes universit\u00e1rios de alunos da minha universidade onde me graduei em Cinema e Audiovisual, n\u00e3o encontrei quase nenhum material dispon\u00edvel e os encontrados possu\u00edam baix\u00edssima qualidade de imagem e \u00e1udio. A partir dessa dificuldade em encontrar filmes que pudessem servir de refer\u00eancia para minha pesquisa e produ\u00e7\u00e3o pr\u00f3pria, comecei a refletir que, se \u00e9 poss\u00edvel acessar lugares virtuais espec\u00edficos onde pode-se assistir filmes <em>&#8220;blockbusters<\/em>&#8221; ou mesmo filmes \u201cdo circuito independente\u201d do mundo todo, por que n\u00e3o existe um lugar reservado \u00e0 difus\u00e3o da produ\u00e7\u00e3o cinematogr\u00e1fica universit\u00e1ria ou de forma\u00e7\u00e3o do meu pa\u00eds?<\/p>\n\n\n\n<p>O streaming Raiz Filmes \u00e9 um servi\u00e7o de streaming exclusivamente dedicado a filmes universit\u00e1rios e produ\u00e7\u00f5es de realizadores em processo de forma\u00e7\u00e3o visando a promo\u00e7\u00e3o de talentos ainda enquanto estudantes.<\/p>\n\n\n\n<p>A proposta da Raiz Filmes \u00e9 diferente pois foca em um p\u00fablico com pouco prest\u00edgio na ind\u00fastria cinematogr\u00e1fica e que n\u00e3o \u00e9 valorizado e enaltecido como deveria. A nossa proposta \u00e9 iluminar essa categoria de realizadores estudantes, mostrando que existe uma produ\u00e7\u00e3o pujante e de qualidade sendo feita todos os semestres no Brasil inteiro por pessoas que ainda s\u00e3o desconhecidas do grande p\u00fablico.<\/p>\n\n\n\n<p>O streaming de filmes de forma\u00e7\u00e3o Raiz Filmes se prop\u00f5e a exibir a produ\u00e7\u00e3o de pessoas que s\u00e3o estudantes e aprendizes, fomentando a cultura nacional e apoiando uma categoria de cineastas ignorada pelos grandes servi\u00e7os de streaming. Com um espa\u00e7o de difus\u00e3o de filmes de forma\u00e7\u00e3o, cria-se um espa\u00e7o perfeito para a troca de conhecimento entre estudantes, docentes e p\u00fablico em geral, gerando um movimento que fortalece as produ\u00e7\u00f5es audiovisuais brasileiras de forma org\u00e2nica e sustent\u00e1vel em um ecossistema em que todos os atores s\u00e3o beneficiados.<\/p>\n\n\n\n<p>A sociedade est\u00e1 sendo privada de conhecer os cineastas em seus momentos embrion\u00e1rios das suas primeiras produ\u00e7\u00f5es. O streaming de filmes de forma\u00e7\u00e3o \u00e9 mais que um streaming, \u00e9 um ato pol\u00edtico de revela\u00e7\u00e3o, empoderamento, apoio e propaga\u00e7\u00e3o do rico material produzido em nosso pa\u00eds nas universidades e escolas de todos os estados.&nbsp;<\/p>\n\n\n\n<p>As pessoas precisam conhecer os seus criativos em seus momentos de vulnerabilidade positiva e n\u00e3o s\u00f3 em momentos de prest\u00edgio e reconhecimento. \u00c9 necess\u00e1rio documentar e visualizar o crescimento na jornada dos realizadores em ascens\u00e3o. Com a distribui\u00e7\u00e3o em streaming dos filmes de forma\u00e7\u00e3o, os realizadores t\u00eam a oportunidade de ampliar o alcance de seus filmes, atingindo mais pessoas, e permitindo a cria\u00e7\u00e3o de oportunidades de novos trabalhos e parcerias em uma grande progress\u00e3o dentro do ciclo de produ\u00e7\u00f5es cinematogr\u00e1ficas, inserindo realizadores no mercado de trabalho e aquecendo o mercado em geral.<\/p>\n\n\n\n<p><\/p>","protected":false},"excerpt":{"rendered":"<p>Ap\u00f3s eu, Gabriel Laureno Juc\u00e1, criador do streaming Raiz Filmes, pesquisar filmes universit\u00e1rios de alunos da minha universidade onde me graduei em Cinema e Audiovisual, n\u00e3o encontrei quase nenhum material dispon\u00edvel e os encontrados possu\u00edam baix\u00edssima qualidade de imagem e \u00e1udio. A partir dessa dificuldade em encontrar filmes que pudessem servir de refer\u00eancia para minha [&hellip;]<\/p>","protected":false},"author":1,"featured_media":0,"parent":0,"menu_order":0,"comment_status":"closed","ping_status":"closed","template":"","meta":{"_eb_attr":"","footnotes":""},"class_list":["post-1982","page","type-page","status-publish","hentry"],"_links":{"self":[{"href":"https:\/\/play.raizfilmes.com\/en\/wp-json\/wp\/v2\/pages\/1982","targetHints":{"allow":["GET"]}}],"collection":[{"href":"https:\/\/play.raizfilmes.com\/en\/wp-json\/wp\/v2\/pages"}],"about":[{"href":"https:\/\/play.raizfilmes.com\/en\/wp-json\/wp\/v2\/types\/page"}],"author":[{"embeddable":true,"href":"https:\/\/play.raizfilmes.com\/en\/wp-json\/wp\/v2\/users\/1"}],"replies":[{"embeddable":true,"href":"https:\/\/play.raizfilmes.com\/en\/wp-json\/wp\/v2\/comments?post=1982"}],"version-history":[{"count":5,"href":"https:\/\/play.raizfilmes.com\/en\/wp-json\/wp\/v2\/pages\/1982\/revisions"}],"predecessor-version":[{"id":2002,"href":"https:\/\/play.raizfilmes.com\/en\/wp-json\/wp\/v2\/pages\/1982\/revisions\/2002"}],"wp:attachment":[{"href":"https:\/\/play.raizfilmes.com\/en\/wp-json\/wp\/v2\/media?parent=1982"}],"curies":[{"name":"wp","href":"https:\/\/api.w.org\/{rel}","templated":true}]}}